{"id":170,"date":"2025-08-07T14:48:33","date_gmt":"2025-08-07T12:48:33","guid":{"rendered":"https:\/\/miastogwiazd.pl\/?page_id=170"},"modified":"2025-08-07T14:48:33","modified_gmt":"2025-08-07T12:48:33","slug":"partnerzy","status":"publish","type":"page","link":"https:\/\/miastogwiazd.pl\/?page_id=170","title":{"rendered":"Partnerzy"},"content":{"rendered":"\n<figure class=\"wp-block-image aligncenter size-full is-style-default\"><img loading=\"lazy\" decoding=\"async\" width=\"2244\" height=\"966\" src=\"https:\/\/miastogwiazd.pl\/wp-content\/uploads\/2025\/06\/nr009-www.png\" alt=\"\" class=\"wp-image-129\" srcset=\"https:\/\/miastogwiazd.pl\/wp-content\/uploads\/2025\/06\/nr009-www.png 2244w, https:\/\/miastogwiazd.pl\/wp-content\/uploads\/2025\/06\/nr009-www-300x129.png 300w, https:\/\/miastogwiazd.pl\/wp-content\/uploads\/2025\/06\/nr009-www-1024x441.png 1024w, https:\/\/miastogwiazd.pl\/wp-content\/uploads\/2025\/06\/nr009-www-768x331.png 768w, https:\/\/miastogwiazd.pl\/wp-content\/uploads\/2025\/06\/nr009-www-1536x661.png 1536w, https:\/\/miastogwiazd.pl\/wp-content\/uploads\/2025\/06\/nr009-www-2048x882.png 2048w\" sizes=\"auto, (max-width: 2244px) 100vw, 2244px\" \/><\/figure>\n\n\n\n<div class=\"wp-block-columns is-layout-flex wp-container-core-columns-is-layout-28f84493 wp-block-columns-is-layout-flex\">\n<div class=\"wp-block-column is-layout-flow wp-block-column-is-layout-flow\">\n<p class=\"has-small-font-size\">Ka\u017cde przedsi\u0119wzi\u0119cie ma swoich patron\u00f3w i partner\u00f3w.<strong> Interdyscyplinarny Festiwal Sztuk Miasto Gwiazd <\/strong>sk\u0142ada serdeczne podzi\u0119kowania wszystkim darczy\u0144com oraz wyra\u017ca g\u0142\u0119bok\u0105 wdzi\u0119czno\u015b\u0107 za ka\u017cd\u0105 okazan\u0105 pomoc i wsparcie.<\/p>\n\n\n\n<p class=\"has-small-font-size\"><br><strong>DZI\u0118KUJEMY!<\/strong><\/p>\n\n\n\n<p class=\"has-small-font-size\"><\/p>\n<\/div>\n\n\n\n<div class=\"wp-block-column is-layout-flow wp-block-column-is-layout-flow\">\n<p class=\"has-small-font-size\">Festiwal Miasto Gwiazd jest otwarty na r\u00f3\u017cne formy partnerstwa \u2013 wszystkich zainteresowanych serdecznie zapraszamy do kontaktu pod adresem: <strong><a href=\"mailto:biuro@miastogwiazd.pl\">biuro@miastogwiazd.pl<\/a><\/strong><\/p>\n\n\n\n<p class=\"has-small-font-size\"><\/p>\n<\/div>\n<\/div>\n\n\n\n<p class=\"has-text-align-center\"><strong>PATRONAT HONOROWY<\/strong><\/p>\n\n\n\n<figure class=\"wp-block-image size-full\"><img loading=\"lazy\" decoding=\"async\" width=\"800\" height=\"374\" src=\"https:\/\/miastogwiazd.pl\/wp-content\/uploads\/2025\/06\/nr_001_loga_FMG.jpg\" alt=\"\" class=\"wp-image-148\" srcset=\"https:\/\/miastogwiazd.pl\/wp-content\/uploads\/2025\/06\/nr_001_loga_FMG.jpg 800w, https:\/\/miastogwiazd.pl\/wp-content\/uploads\/2025\/06\/nr_001_loga_FMG-300x140.jpg 300w, https:\/\/miastogwiazd.pl\/wp-content\/uploads\/2025\/06\/nr_001_loga_FMG-768x359.jpg 768w\" sizes=\"auto, (max-width: 800px) 100vw, 800px\" \/><\/figure>\n\n\n\n<p class=\"has-small-font-size\"><\/p>\n\n\n\n<figure class=\"wp-block-image size-full\"><img loading=\"lazy\" decoding=\"async\" width=\"800\" height=\"290\" src=\"https:\/\/miastogwiazd.pl\/wp-content\/uploads\/2025\/06\/nr_002_loga_FMG.jpg\" alt=\"\" class=\"wp-image-149\" srcset=\"https:\/\/miastogwiazd.pl\/wp-content\/uploads\/2025\/06\/nr_002_loga_FMG.jpg 800w, https:\/\/miastogwiazd.pl\/wp-content\/uploads\/2025\/06\/nr_002_loga_FMG-300x109.jpg 300w, https:\/\/miastogwiazd.pl\/wp-content\/uploads\/2025\/06\/nr_002_loga_FMG-768x278.jpg 768w\" sizes=\"auto, (max-width: 800px) 100vw, 800px\" \/><\/figure>\n\n\n\n<p class=\"has-small-font-size\"><\/p>\n\n\n\n<figure class=\"wp-block-image size-full\"><img loading=\"lazy\" decoding=\"async\" width=\"800\" height=\"205\" src=\"https:\/\/miastogwiazd.pl\/wp-content\/uploads\/2025\/06\/nr_003_loga_FMG.jpg\" alt=\"\" class=\"wp-image-150\" srcset=\"https:\/\/miastogwiazd.pl\/wp-content\/uploads\/2025\/06\/nr_003_loga_FMG.jpg 800w, https:\/\/miastogwiazd.pl\/wp-content\/uploads\/2025\/06\/nr_003_loga_FMG-300x77.jpg 300w, https:\/\/miastogwiazd.pl\/wp-content\/uploads\/2025\/06\/nr_003_loga_FMG-768x197.jpg 768w\" sizes=\"auto, (max-width: 800px) 100vw, 800px\" \/><\/figure>\n\n\n\n<p class=\"has-text-align-center has-medium-font-size\"><strong>PATRONAT MEDIALNY<\/strong><\/p>\n\n\n\n<figure class=\"wp-block-image size-full\"><img loading=\"lazy\" decoding=\"async\" width=\"800\" height=\"205\" src=\"https:\/\/miastogwiazd.pl\/wp-content\/uploads\/2025\/06\/nr_004_loga_FMG.jpg\" alt=\"\" class=\"wp-image-151\" srcset=\"https:\/\/miastogwiazd.pl\/wp-content\/uploads\/2025\/06\/nr_004_loga_FMG.jpg 800w, https:\/\/miastogwiazd.pl\/wp-content\/uploads\/2025\/06\/nr_004_loga_FMG-300x77.jpg 300w, https:\/\/miastogwiazd.pl\/wp-content\/uploads\/2025\/06\/nr_004_loga_FMG-768x197.jpg 768w\" sizes=\"auto, (max-width: 800px) 100vw, 800px\" \/><\/figure>\n\n\n\n<p class=\"has-small-font-size\"><\/p>\n\n\n\n<figure class=\"wp-block-image size-full\"><img loading=\"lazy\" decoding=\"async\" width=\"800\" height=\"205\" src=\"https:\/\/miastogwiazd.pl\/wp-content\/uploads\/2025\/06\/nr_005_loga_FMG.jpg\" alt=\"\" class=\"wp-image-152\" srcset=\"https:\/\/miastogwiazd.pl\/wp-content\/uploads\/2025\/06\/nr_005_loga_FMG.jpg 800w, https:\/\/miastogwiazd.pl\/wp-content\/uploads\/2025\/06\/nr_005_loga_FMG-300x77.jpg 300w, https:\/\/miastogwiazd.pl\/wp-content\/uploads\/2025\/06\/nr_005_loga_FMG-768x197.jpg 768w\" sizes=\"auto, (max-width: 800px) 100vw, 800px\" \/><\/figure>\n\n\n\n<p class=\"has-small-font-size\"><\/p>\n\n\n\n<figure class=\"wp-block-image size-full\"><img loading=\"lazy\" decoding=\"async\" width=\"800\" height=\"205\" src=\"https:\/\/miastogwiazd.pl\/wp-content\/uploads\/2025\/06\/nr_006_loga_FMG.jpg\" alt=\"\" class=\"wp-image-153\" srcset=\"https:\/\/miastogwiazd.pl\/wp-content\/uploads\/2025\/06\/nr_006_loga_FMG.jpg 800w, https:\/\/miastogwiazd.pl\/wp-content\/uploads\/2025\/06\/nr_006_loga_FMG-300x77.jpg 300w, https:\/\/miastogwiazd.pl\/wp-content\/uploads\/2025\/06\/nr_006_loga_FMG-768x197.jpg 768w\" sizes=\"auto, (max-width: 800px) 100vw, 800px\" \/><\/figure>\n\n\n\n<p class=\"has-small-font-size\"><\/p>\n\n\n\n<figure class=\"wp-block-image size-full\"><img loading=\"lazy\" decoding=\"async\" width=\"800\" height=\"205\" src=\"https:\/\/miastogwiazd.pl\/wp-content\/uploads\/2025\/06\/nr_007_loga_FMG.jpg\" alt=\"\" class=\"wp-image-154\" srcset=\"https:\/\/miastogwiazd.pl\/wp-content\/uploads\/2025\/06\/nr_007_loga_FMG.jpg 800w, https:\/\/miastogwiazd.pl\/wp-content\/uploads\/2025\/06\/nr_007_loga_FMG-300x77.jpg 300w, https:\/\/miastogwiazd.pl\/wp-content\/uploads\/2025\/06\/nr_007_loga_FMG-768x197.jpg 768w\" sizes=\"auto, (max-width: 800px) 100vw, 800px\" \/><\/figure>\n\n\n\n<p class=\"has-text-align-center has-medium-font-size\"><strong>PARTNERZY<\/strong><\/p>\n\n\n\n<figure class=\"wp-block-image size-full\"><img loading=\"lazy\" decoding=\"async\" width=\"800\" height=\"205\" src=\"https:\/\/miastogwiazd.pl\/wp-content\/uploads\/2025\/06\/nr_008_loga_FMG.jpg\" alt=\"\" class=\"wp-image-155\" srcset=\"https:\/\/miastogwiazd.pl\/wp-content\/uploads\/2025\/06\/nr_008_loga_FMG.jpg 800w, https:\/\/miastogwiazd.pl\/wp-content\/uploads\/2025\/06\/nr_008_loga_FMG-300x77.jpg 300w, https:\/\/miastogwiazd.pl\/wp-content\/uploads\/2025\/06\/nr_008_loga_FMG-768x197.jpg 768w\" sizes=\"auto, (max-width: 800px) 100vw, 800px\" \/><\/figure>\n\n\n\n<p class=\"has-small-font-size\"><\/p>\n\n\n\n<figure class=\"wp-block-image size-full\"><img loading=\"lazy\" decoding=\"async\" width=\"800\" height=\"205\" src=\"https:\/\/miastogwiazd.pl\/wp-content\/uploads\/2025\/06\/nr_009_loga_FMG.jpg\" alt=\"\" class=\"wp-image-156\" srcset=\"https:\/\/miastogwiazd.pl\/wp-content\/uploads\/2025\/06\/nr_009_loga_FMG.jpg 800w, https:\/\/miastogwiazd.pl\/wp-content\/uploads\/2025\/06\/nr_009_loga_FMG-300x77.jpg 300w, https:\/\/miastogwiazd.pl\/wp-content\/uploads\/2025\/06\/nr_009_loga_FMG-768x197.jpg 768w\" sizes=\"auto, (max-width: 800px) 100vw, 800px\" \/><\/figure>\n\n\n\n<p class=\"has-small-font-size\"><\/p>\n\n\n\n<figure class=\"wp-block-image size-full\"><img loading=\"lazy\" decoding=\"async\" width=\"800\" height=\"205\" src=\"https:\/\/miastogwiazd.pl\/wp-content\/uploads\/2025\/06\/nr_010_loga_FMG.jpg\" alt=\"\" class=\"wp-image-157\" srcset=\"https:\/\/miastogwiazd.pl\/wp-content\/uploads\/2025\/06\/nr_010_loga_FMG.jpg 800w, https:\/\/miastogwiazd.pl\/wp-content\/uploads\/2025\/06\/nr_010_loga_FMG-300x77.jpg 300w, https:\/\/miastogwiazd.pl\/wp-content\/uploads\/2025\/06\/nr_010_loga_FMG-768x197.jpg 768w\" sizes=\"auto, (max-width: 800px) 100vw, 800px\" \/><\/figure>\n\n\n\n<p class=\"has-small-font-size\"><\/p>\n\n\n\n<figure class=\"wp-block-image size-full\"><img loading=\"lazy\" decoding=\"async\" width=\"800\" height=\"205\" src=\"https:\/\/miastogwiazd.pl\/wp-content\/uploads\/2025\/06\/nr_011_loga_FMG.jpg\" alt=\"\" class=\"wp-image-158\" srcset=\"https:\/\/miastogwiazd.pl\/wp-content\/uploads\/2025\/06\/nr_011_loga_FMG.jpg 800w, https:\/\/miastogwiazd.pl\/wp-content\/uploads\/2025\/06\/nr_011_loga_FMG-300x77.jpg 300w, https:\/\/miastogwiazd.pl\/wp-content\/uploads\/2025\/06\/nr_011_loga_FMG-768x197.jpg 768w\" sizes=\"auto, (max-width: 800px) 100vw, 800px\" \/><\/figure>\n\n\n\n<p class=\"has-small-font-size\"><\/p>\n\n\n\n<figure class=\"wp-block-image size-full\"><img loading=\"lazy\" decoding=\"async\" width=\"800\" height=\"205\" src=\"https:\/\/miastogwiazd.pl\/wp-content\/uploads\/2025\/06\/nr_012_loga_FMG.jpg\" alt=\"\" class=\"wp-image-159\" srcset=\"https:\/\/miastogwiazd.pl\/wp-content\/uploads\/2025\/06\/nr_012_loga_FMG.jpg 800w, https:\/\/miastogwiazd.pl\/wp-content\/uploads\/2025\/06\/nr_012_loga_FMG-300x77.jpg 300w, https:\/\/miastogwiazd.pl\/wp-content\/uploads\/2025\/06\/nr_012_loga_FMG-768x197.jpg 768w\" sizes=\"auto, (max-width: 800px) 100vw, 800px\" \/><\/figure>\n\n\n\n<p class=\"has-small-font-size\"><\/p>\n\n\n\n<figure class=\"wp-block-image size-full\"><img loading=\"lazy\" decoding=\"async\" width=\"800\" height=\"205\" src=\"https:\/\/miastogwiazd.pl\/wp-content\/uploads\/2025\/06\/nr_013_loga_FMG.jpg\" alt=\"\" class=\"wp-image-160\" srcset=\"https:\/\/miastogwiazd.pl\/wp-content\/uploads\/2025\/06\/nr_013_loga_FMG.jpg 800w, https:\/\/miastogwiazd.pl\/wp-content\/uploads\/2025\/06\/nr_013_loga_FMG-300x77.jpg 300w, https:\/\/miastogwiazd.pl\/wp-content\/uploads\/2025\/06\/nr_013_loga_FMG-768x197.jpg 768w\" sizes=\"auto, (max-width: 800px) 100vw, 800px\" \/><\/figure>\n\n\n\n<p class=\"has-small-font-size\"><\/p>\n\n\n\n<figure class=\"wp-block-image size-full\"><img loading=\"lazy\" decoding=\"async\" width=\"800\" height=\"205\" src=\"https:\/\/miastogwiazd.pl\/wp-content\/uploads\/2025\/06\/nr_014_loga_FMG.jpg\" alt=\"\" class=\"wp-image-161\" srcset=\"https:\/\/miastogwiazd.pl\/wp-content\/uploads\/2025\/06\/nr_014_loga_FMG.jpg 800w, https:\/\/miastogwiazd.pl\/wp-content\/uploads\/2025\/06\/nr_014_loga_FMG-300x77.jpg 300w, https:\/\/miastogwiazd.pl\/wp-content\/uploads\/2025\/06\/nr_014_loga_FMG-768x197.jpg 768w\" sizes=\"auto, (max-width: 800px) 100vw, 800px\" \/><\/figure>\n\n\n\n<p class=\"has-small-font-size\"><\/p>\n\n\n\n<figure class=\"wp-block-image size-full\"><img loading=\"lazy\" decoding=\"async\" width=\"800\" height=\"205\" src=\"https:\/\/miastogwiazd.pl\/wp-content\/uploads\/2025\/06\/nr_015_loga_FMG.jpg\" alt=\"\" class=\"wp-image-162\" srcset=\"https:\/\/miastogwiazd.pl\/wp-content\/uploads\/2025\/06\/nr_015_loga_FMG.jpg 800w, https:\/\/miastogwiazd.pl\/wp-content\/uploads\/2025\/06\/nr_015_loga_FMG-300x77.jpg 300w, https:\/\/miastogwiazd.pl\/wp-content\/uploads\/2025\/06\/nr_015_loga_FMG-768x197.jpg 768w\" sizes=\"auto, (max-width: 800px) 100vw, 800px\" \/><\/figure>\n\n\n\n<p><\/p>\n","protected":false},"excerpt":{"rendered":"<p>Ka\u017cde przedsi\u0119wzi\u0119cie ma swoich patron\u00f3w i partner\u00f3w. Interdyscyplinarny Festiwal Sztuk Miasto Gwiazd sk\u0142ada serdeczne podzi\u0119kowania wszystkim darczy\u0144com oraz wyra\u017ca g\u0142\u0119bok\u0105 wdzi\u0119czno\u015b\u0107 za ka\u017cd\u0105 okazan\u0105 pomoc i wsparcie. DZI\u0118KUJEMY! Festiwal Miasto Gwiazd jest otwarty na r\u00f3\u017cne formy partnerstwa \u2013 wszystkich zainteresowanych serdecznie zapraszamy do kontaktu pod adresem: biuro@miastogwiazd.pl PATRONAT HONOROWY PATRONAT MEDIALNY PARTNERZY<\/p>\n","protected":false},"author":2,"featured_media":129,"parent":0,"menu_order":0,"comment_status":"closed","ping_status":"closed","template":"","meta":{"footnotes":""},"class_list":["post-170","page","type-page","status-publish","has-post-thumbnail","hentry"],"_links":{"self":[{"href":"https:\/\/miastogwiazd.pl\/index.php?rest_route=\/wp\/v2\/pages\/170","targetHints":{"allow":["GET"]}}],"collection":[{"href":"https:\/\/miastogwiazd.pl\/index.php?rest_route=\/wp\/v2\/pages"}],"about":[{"href":"https:\/\/miastogwiazd.pl\/index.php?rest_route=\/wp\/v2\/types\/page"}],"author":[{"embeddable":true,"href":"https:\/\/miastogwiazd.pl\/index.php?rest_route=\/wp\/v2\/users\/2"}],"replies":[{"embeddable":true,"href":"https:\/\/miastogwiazd.pl\/index.php?rest_route=%2Fwp%2Fv2%2Fcomments&post=170"}],"version-history":[{"count":1,"href":"https:\/\/miastogwiazd.pl\/index.php?rest_route=\/wp\/v2\/pages\/170\/revisions"}],"predecessor-version":[{"id":171,"href":"https:\/\/miastogwiazd.pl\/index.php?rest_route=\/wp\/v2\/pages\/170\/revisions\/171"}],"wp:featuredmedia":[{"embeddable":true,"href":"https:\/\/miastogwiazd.pl\/index.php?rest_route=\/wp\/v2\/media\/129"}],"wp:attachment":[{"href":"https:\/\/miastogwiazd.pl\/index.php?rest_route=%2Fwp%2Fv2%2Fmedia&parent=170"}],"curies":[{"name":"wp","href":"https:\/\/api.w.org\/{rel}","templated":true}]}}